{"id":16,"date":"2016-12-11T17:56:46","date_gmt":"2016-12-11T17:56:46","guid":{"rendered":"http:\/\/lessuperheros.ca\/?page_id=16"},"modified":"2017-08-19T21:05:43","modified_gmt":"2017-08-19T21:05:43","slug":"accueil","status":"publish","type":"page","link":"https:\/\/lessuperheros.ca\/","title":{"rendered":"Accueil"},"content":{"rendered":"<div id=\"pl-16\"  class=\"panel-layout\" ><div id=\"pg-16-0\"  class=\"panel-grid panel-no-style\" ><div id=\"pgc-16-0-0\"  class=\"panel-grid-cell\" ><div id=\"panel-16-0-0-0\" class=\"so-panel widget widget_sow-editor panel-first-child\" data-index=\"0\" ><div\n\t\t\t\n\t\t\tclass=\"so-widget-sow-editor so-widget-sow-editor-base\"\n\t\t\t\n\t\t>\n<div class=\"siteorigin-widget-tinymce textwidget\">\n\t<h2 style=\"text-align: left;\">Les vid\u00e9os \u00e9ducatives...<\/h2>\n<ul>\n<li><strong>des\u00a0extensions aux apprentissages!<\/strong><\/li>\n<li><strong>des\u00a0outils int\u00e9gr\u00e9s donnant aux \u00e9l\u00e8ves un r\u00f4le dans leur apprentissage!<\/strong><\/li>\n<li><strong> des\u00a0d\u00e9clencheurs de discussion, de r\u00e9flexion et d'enqu\u00eates!<\/strong><\/li>\n<\/ul>\n<p>\u00a0<\/p>\n<h2>Les superh\u00e9ros...<\/h2>\n<h2>la banque de vid\u00e9os adapt\u00e9s pour\u00a0<span style=\"color: #0088cc;\">l'immersion fran\u00e7aise<\/span>!<\/h2>\n<\/div>\n<\/div><\/div><div id=\"panel-16-0-0-1\" class=\"so-panel widget widget_sow-button panel-last-child\" data-index=\"1\" ><div\n\t\t\t\n\t\t\tclass=\"so-widget-sow-button so-widget-sow-button-atom-4552dd38d96e-16\"\n\t\t\t\n\t\t><div class=\"ow-button-base ow-button-align-center\">\n\t<a href=\"https:\/\/lessuperheros.ca\/?p=70\" class=\"ow-icon-placement-left ow-button-hover\" \t\t>\n\t\t<span>\n\t\t\t<span class=\"sow-icon-fontawesome sow-fas\" data-sow-icon=\"&#xf059;\"\n\t\tstyle=\"color: #ffffff\" \n\t\taria-hidden=\"true\"><\/span>\n\t\t\tPourquoi cet outil?\t\t<\/span>\n\t<\/a>\n<\/div>\n<\/div><\/div><\/div><\/div><div id=\"pg-16-1\"  class=\"panel-grid panel-no-style\" ><div id=\"pgc-16-1-0\"  class=\"panel-grid-cell\" ><div id=\"panel-16-1-0-0\" class=\"so-panel widget widget_sow-editor panel-first-child panel-last-child\" data-index=\"2\" ><div\n\t\t\t\n\t\t\tclass=\"so-widget-sow-editor so-widget-sow-editor-base\"\n\t\t\t\n\t\t>\n<div class=\"siteorigin-widget-tinymce textwidget\">\n\t<h2>\u00a0<\/h2>\n<h2><strong><span style=\"color: #0088cc;\">Les superh\u00e9ros, c'est aussi vous!<\/span><\/strong><\/h2>\n<p><span style=\"color: #0088cc;\"><strong>Soumettez\u00a0vos\u00a0vid\u00e9os<\/strong>\u00a0- celles que vous\u00a0utiliser et celles que vous\u00a0(ou vos\u00a0\u00e9l\u00e8ves!) avez cr\u00e9\u00e9s - pour enrichir notre banque de\u00a0ressource.<\/span><\/p>\n<p><span style=\"color: #0088cc;\"><strong>Partagez aussi vos\u00a0activit\u00e9s!\u00a0<\/strong>Vous avez\u00a0d\u00e9velopp\u00e9\u00a0un\u00a0projet\u00a0d'enqu\u00eate en lien avec une vid\u00e9o? Une le\u00e7on sur\u00a0la langue ou sur le contenu? Une activit\u00e9 sur\u00a0<em>EdPuzzle<\/em>\u00a0ou un\u00a0<em>Hyperdoc<\/em>\u00a0pouvant \u00eatre utilis\u00e9 entre autre dans\u00a0une\u00a0classe invers\u00e9e? Une liste\u00a0de\u00a0questions de\u00a0discussion ou de\u00a0r\u00e9solution de probl\u00e8mes? Faites-en profitez\u00a0vos\u00a0coll\u00e8gues.<\/span><\/p>\n<p><span style=\"color: #0088cc;\">Nos id\u00e9es mises ensemble\u00a0permettront\u00a0\u00e0 notre grande communaut\u00e9 de\u00a0l'immersion fran\u00e7aise de d\u00e9passer les pratiques actuelles et de voir beaucoup plus grand et plus loin. Ensemble, nous pouvons nous donner des outils\u00a0qui feront de\u00a0nos classes un r\u00e9el lieu\u00a0de collaboration, de\u00a0r\u00e9flexion et d'apprentissage en profondeur.<\/span><\/p>\n<\/div>\n<\/div><\/div><\/div><\/div><div id=\"pg-16-2\"  class=\"panel-grid panel-no-style\" ><div id=\"pgc-16-2-0\"  class=\"panel-grid-cell\" ><div id=\"panel-16-2-0-0\" class=\"so-panel widget widget_sow-button panel-first-child\" data-index=\"3\" ><div\n\t\t\t\n\t\t\tclass=\"so-widget-sow-button so-widget-sow-button-atom-97f2b4a1b135-16\"\n\t\t\t\n\t\t><div class=\"ow-button-base ow-button-align-center\">\n\t<a href=\"https:\/\/lessuperheros.ca\/?page_id=24\" class=\"ow-icon-placement-left ow-button-hover\" \t\t>\n\t\t<span>\n\t\t\t<span class=\"sow-icon-fontawesome sow-fas\" data-sow-icon=\"&#xf008;\"\n\t\tstyle=\"color: #ffffff\" \n\t\taria-hidden=\"true\"><\/span>\n\t\t\tVoir les vid\u00e9os\t\t<\/span>\n\t<\/a>\n<\/div>\n<\/div><\/div><div id=\"panel-16-2-0-1\" class=\"so-panel widget widget_sow-button panel-last-child\" data-index=\"4\" ><div\n\t\t\t\n\t\t\tclass=\"so-widget-sow-button so-widget-sow-button-atom-de1c49c95a21-16\"\n\t\t\t\n\t\t><div class=\"ow-button-base ow-button-align-center\">\n\t<a href=\"https:\/\/docs.google.com\/forms\/d\/e\/1FAIpQLSfQpPGnhfBefhUblLNp82Bc7F87AF6hH70mlH51tcC1lqN9KQ\/viewform?usp=sf_link\" class=\"ow-icon-placement-left ow-button-hover\" \t\t>\n\t\t<span>\n\t\t\t<span class=\"sow-icon-fontawesome sow-fas\" data-sow-icon=\"&#xf03d;\"\n\t\tstyle=\"color: #ffffff\" \n\t\taria-hidden=\"true\"><\/span>\n\t\t\tSoumettre une vid\u00e9o\t\t<\/span>\n\t<\/a>\n<\/div>\n<\/div><\/div><\/div><\/div><\/div><div class=\"sharedaddy sd-sharing-enabled\"><div class=\"robots-nocontent sd-block sd-social sd-social-icon-text sd-sharing\"><h3 class=\"sd-title\">Partager\u00a0:<\/h3><div class=\"sd-content\"><ul><li class=\"share-twitter\"><a rel=\"nofollow noopener noreferrer\" data-shared=\"sharing-twitter-16\" class=\"share-twitter sd-button share-icon\" href=\"https:\/\/lessuperheros.ca\/?share=twitter\" target=\"_blank\" title=\"Cliquez pour partager sur Twitter\" ><span>Twitter<\/span><\/a><\/li><li class=\"share-facebook\"><a rel=\"nofollow noopener noreferrer\" data-shared=\"sharing-facebook-16\" class=\"share-facebook sd-button share-icon\" href=\"https:\/\/lessuperheros.ca\/?share=facebook\" target=\"_blank\" title=\"Cliquez pour partager sur Facebook\" ><span>Facebook<\/span><\/a><\/li><li class=\"share-pinterest\"><a rel=\"nofollow noopener noreferrer\" data-shared=\"sharing-pinterest-16\" class=\"share-pinterest sd-button share-icon\" href=\"https:\/\/lessuperheros.ca\/?share=pinterest\" target=\"_blank\" title=\"Cliquez pour partager sur Pinterest\" ><span>Pinterest<\/span><\/a><\/li><li class=\"share-email\"><a rel=\"nofollow noopener noreferrer\" data-shared=\"\" class=\"share-email sd-button share-icon\" href=\"mailto:?subject=%5BArticle%20partag%C3%A9%5D%20Accueil&body=https%3A%2F%2Flessuperheros.ca%2F&share=email\" target=\"_blank\" title=\"Cliquer pour envoyer un lien par e-mail \u00e0 un ami\" data-email-share-error-title=\"Votre messagerie est-elle configur\u00e9e\u00a0?\" data-email-share-error-text=\"Si vous rencontrez des probl\u00e8mes de partage par e-mail, votre messagerie n\u2019est peut-\u00eatre pas configur\u00e9e pour votre navigateur. Vous devrez peut-\u00eatre cr\u00e9er vous-m\u00eame une nouvelle messagerie.\" data-email-share-nonce=\"743d36bd1d\" data-email-share-track-url=\"https:\/\/lessuperheros.ca\/?share=email\"><span>E-mail<\/span><\/a><\/li><li class=\"share-end\"><\/li><\/ul><\/div><\/div><\/div>","protected":false},"excerpt":{"rendered":"<p>Les vid\u00e9os \u00e9ducatives&#8230; des\u00a0extensions aux apprentissages! des\u00a0outils int\u00e9gr\u00e9s donnant aux \u00e9l\u00e8ves un r\u00f4le dans leur apprentissage! des\u00a0d\u00e9clencheurs de discussion, de r\u00e9flexion et d&rsquo;enqu\u00eates! \u00a0 Les superh\u00e9ros&#8230; la banque de vid\u00e9os adapt\u00e9s pour\u00a0l&rsquo;immersion fran\u00e7aise! \u00a0 Les superh\u00e9ros, c&rsquo;est aussi vous! Soumettez\u00a0vos\u00a0vid\u00e9os\u00a0&#8211; celles que vous\u00a0utiliser et celles que vous\u00a0(ou vos\u00a0\u00e9l\u00e8ves!) avez cr\u00e9\u00e9s &#8211; pour enrichir notre banque [&hellip;]<\/p>\n<div class=\"sharedaddy sd-sharing-enabled\"><div class=\"robots-nocontent sd-block sd-social sd-social-icon-text sd-sharing\"><h3 class=\"sd-title\">Partager\u00a0:<\/h3><div class=\"sd-content\"><ul><li class=\"share-twitter\"><a rel=\"nofollow noopener noreferrer\" data-shared=\"sharing-twitter-16\" class=\"share-twitter sd-button share-icon\" href=\"https:\/\/lessuperheros.ca\/?share=twitter\" target=\"_blank\" title=\"Cliquez pour partager sur Twitter\" ><span>Twitter<\/span><\/a><\/li><li class=\"share-facebook\"><a rel=\"nofollow noopener noreferrer\" data-shared=\"sharing-facebook-16\" class=\"share-facebook sd-button share-icon\" href=\"https:\/\/lessuperheros.ca\/?share=facebook\" target=\"_blank\" title=\"Cliquez pour partager sur Facebook\" ><span>Facebook<\/span><\/a><\/li><li class=\"share-pinterest\"><a rel=\"nofollow noopener noreferrer\" data-shared=\"sharing-pinterest-16\" class=\"share-pinterest sd-button share-icon\" href=\"https:\/\/lessuperheros.ca\/?share=pinterest\" target=\"_blank\" title=\"Cliquez pour partager sur Pinterest\" ><span>Pinterest<\/span><\/a><\/li><li class=\"share-email\"><a rel=\"nofollow noopener noreferrer\" data-shared=\"\" class=\"share-email sd-button share-icon\" href=\"mailto:?subject=%5BArticle%20partag%C3%A9%5D%20Accueil&body=https%3A%2F%2Flessuperheros.ca%2F&share=email\" target=\"_blank\" title=\"Cliquer pour envoyer un lien par e-mail \u00e0 un ami\" data-email-share-error-title=\"Votre messagerie est-elle configur\u00e9e\u00a0?\" data-email-share-error-text=\"Si vous rencontrez des probl\u00e8mes de partage par e-mail, votre messagerie n\u2019est peut-\u00eatre pas configur\u00e9e pour votre navigateur. Vous devrez peut-\u00eatre cr\u00e9er vous-m\u00eame une nouvelle messagerie.\" data-email-share-nonce=\"743d36bd1d\" data-email-share-track-url=\"https:\/\/lessuperheros.ca\/?share=email\"><span>E-mail<\/span><\/a><\/li><li class=\"share-end\"><\/li><\/ul><\/div><\/div><\/div>","protected":false},"author":1,"featured_media":0,"parent":0,"menu_order":0,"comment_status":"closed","ping_status":"closed","template":"","meta":{"jetpack_post_was_ever_published":false},"jetpack_sharing_enabled":true,"_links":{"self":[{"href":"https:\/\/lessuperheros.ca\/index.php?rest_route=\/wp\/v2\/pages\/16"}],"collection":[{"href":"https:\/\/lessuperheros.ca\/index.php?rest_route=\/wp\/v2\/pages"}],"about":[{"href":"https:\/\/lessuperheros.ca\/index.php?rest_route=\/wp\/v2\/types\/page"}],"author":[{"embeddable":true,"href":"https:\/\/lessuperheros.ca\/index.php?rest_route=\/wp\/v2\/users\/1"}],"replies":[{"embeddable":true,"href":"https:\/\/lessuperheros.ca\/index.php?rest_route=%2Fwp%2Fv2%2Fcomments&post=16"}],"version-history":[{"count":12,"href":"https:\/\/lessuperheros.ca\/index.php?rest_route=\/wp\/v2\/pages\/16\/revisions"}],"predecessor-version":[{"id":78,"href":"https:\/\/lessuperheros.ca\/index.php?rest_route=\/wp\/v2\/pages\/16\/revisions\/78"}],"wp:attachment":[{"href":"https:\/\/lessuperheros.ca\/index.php?rest_route=%2Fwp%2Fv2%2Fmedia&parent=16"}],"curies":[{"name":"wp","href":"https:\/\/api.w.org\/{rel}","templated":true}]}}